{"id":2115,"date":"2021-12-14T11:22:29","date_gmt":"2021-12-14T11:22:29","guid":{"rendered":"http:\/\/plexilux.be\/?page_id=2115"},"modified":"2023-01-10T17:57:45","modified_gmt":"2023-01-10T17:57:45","slug":"verluchtingssystemen-1","status":"publish","type":"page","link":"https:\/\/plexilux.be\/de\/verluchtingssystemen-1\/","title":{"rendered":"L\u00fcftungsanlagen"},"content":{"rendered":"<div data-elementor-type=\"wp-page\" data-elementor-id=\"2115\" class=\"elementor elementor-2115\" data-elementor-post-type=\"page\">\n\t\t\t\t\t\t<section class=\"elementor-section elementor-top-section elementor-element elementor-element-58f96032 elementor-section-content-middle elementor-reverse-mobile elementor-section-boxed elementor-section-height-default elementor-section-height-default\" data-id=\"58f96032\" data-element_type=\"section\">\n\t\t\t\t\t\t<div class=\"elementor-container elementor-column-gap-no\">\n\t\t\t\t\t<div class=\"elementor-column elementor-col-50 elementor-top-column elementor-element elementor-element-3a362cc6\" data-id=\"3a362cc6\" data-element_type=\"column\">\n\t\t\t<div class=\"elementor-widget-wrap elementor-element-populated\">\n\t\t\t\t\t\t<div class=\"elementor-element elementor-element-7555de elementor-widget-divider--view-line elementor-widget elementor-widget-divider\" data-id=\"7555de\" data-element_type=\"widget\" data-widget_type=\"divider.default\">\n\t\t\t\t<div class=\"elementor-widget-container\">\n\t\t\t\t\t\t\t<div class=\"elementor-divider\">\n\t\t\t<span class=\"elementor-divider-separator\">\n\t\t\t\t\t\t<\/span>\n\t\t<\/div>\n\t\t\t\t\t\t<\/div>\n\t\t\t\t<\/div>\n\t\t\t\t<div class=\"elementor-element elementor-element-4f743e7c elementor-widget elementor-widget-heading\" data-id=\"4f743e7c\" data-element_type=\"widget\" data-widget_type=\"heading.default\">\n\t\t\t\t<div class=\"elementor-widget-container\">\n\t\t\t\t\t<h3 class=\"elementor-heading-title elementor-size-default\"><b>Zweck<\/b><\/h3>\t\t\t\t<\/div>\n\t\t\t\t<\/div>\n\t\t\t\t<div class=\"elementor-element elementor-element-325fa590 elementor-widget elementor-widget-text-editor\" data-id=\"325fa590\" data-element_type=\"widget\" data-widget_type=\"text-editor.default\">\n\t\t\t\t<div class=\"elementor-widget-container\">\n\t\t\t\t\t\t\t\t\t<p>Das L\u00fcftungsfenster sorgt daf\u00fcr, dass au\u00dferhalb des Lichts auch eine <strong>Luftzufuhr m\u00f6glich<\/strong> ist. Es ist platziert <strong>zwischen Kuppel und Standfu\u00df<\/strong> hergestellt werden. <strong>PVC oder Aluminium<\/strong>.<\/p><p><strong>\u00d6ffnende Kuppeln<\/strong> kann auch verwendet werden als <strong>Flugfenster<\/strong> oder kann eine <strong>bieten Zugang zu einem Flachdach.<\/strong><\/p>\t\t\t\t\t\t\t\t<\/div>\n\t\t\t\t<\/div>\n\t\t\t\t\t<\/div>\n\t\t<\/div>\n\t\t\t\t<div class=\"elementor-column elementor-col-50 elementor-top-column elementor-element elementor-element-7a1c9837\" data-id=\"7a1c9837\" data-element_type=\"column\">\n\t\t\t<div class=\"elementor-widget-wrap elementor-element-populated\">\n\t\t\t\t\t\t<div class=\"elementor-element elementor-element-9434edb elementor-widget elementor-widget-gallery\" data-id=\"9434edb\" data-element_type=\"widget\" data-settings=\"{&quot;gallery_layout&quot;:&quot;justified&quot;,&quot;ideal_row_height&quot;:{&quot;unit&quot;:&quot;px&quot;,&quot;size&quot;:&quot;207&quot;,&quot;sizes&quot;:[]},&quot;lazyload&quot;:&quot;yes&quot;,&quot;ideal_row_height_tablet&quot;:{&quot;unit&quot;:&quot;px&quot;,&quot;size&quot;:150,&quot;sizes&quot;:[]},&quot;ideal_row_height_mobile&quot;:{&quot;unit&quot;:&quot;px&quot;,&quot;size&quot;:150,&quot;sizes&quot;:[]},&quot;gap&quot;:{&quot;unit&quot;:&quot;px&quot;,&quot;size&quot;:10,&quot;sizes&quot;:[]},&quot;gap_tablet&quot;:{&quot;unit&quot;:&quot;px&quot;,&quot;size&quot;:10,&quot;sizes&quot;:[]},&quot;gap_mobile&quot;:{&quot;unit&quot;:&quot;px&quot;,&quot;size&quot;:10,&quot;sizes&quot;:[]},&quot;link_to&quot;:&quot;file&quot;,&quot;overlay_background&quot;:&quot;yes&quot;,&quot;content_hover_animation&quot;:&quot;fade-in&quot;}\" data-widget_type=\"gallery.default\">\n\t\t\t\t<div class=\"elementor-widget-container\">\n\t\t\t\t\t\t\t<div class=\"elementor-gallery__container\">\n\t\t\t\t\t\t\t<a class=\"e-gallery-item elementor-gallery-item elementor-animated-content\" href=\"https:\/\/plexilux.be\/wp-content\/uploads\/sites\/4\/2022\/03\/opale-lichtkoepel-90x90-opengaande-PVC-opstand.jpg\" data-elementor-open-lightbox=\"yes\" data-elementor-lightbox-slideshow=\"9434edb\" data-elementor-lightbox-title=\"opale lichtkoepel 90x90 + opengaande PVC opstand\" data-e-action-hash=\"#elementor-action%3Aaction%3Dlightbox%26settings%3DeyJpZCI6MjIwMywidXJsIjoiaHR0cHM6XC9cL3BsZXhpbHV4LmJlXC93cC1jb250ZW50XC91cGxvYWRzXC9zaXRlc1wvNFwvMjAyMlwvMDNcL29wYWxlLWxpY2h0a29lcGVsLTkweDkwLW9wZW5nYWFuZGUtUFZDLW9wc3RhbmQuanBnIiwic2xpZGVzaG93IjoiOTQzNGVkYiJ9\">\n\t\t\t\t\t<div class=\"e-gallery-image elementor-gallery-item__image\" data-thumbnail=\"https:\/\/plexilux.be\/wp-content\/uploads\/sites\/4\/2022\/03\/opale-lichtkoepel-90x90-opengaande-PVC-opstand-300x300.jpg\" data-width=\"300\" data-height=\"300\" aria-label=\"\" role=\"img\" ><\/div>\n\t\t\t\t\t\t\t\t\t\t\t<div class=\"elementor-gallery-item__overlay\"><\/div>\n\t\t\t\t\t\t\t\t\t\t\t\t\t\t<\/a>\n\t\t\t\t\t\t\t<a class=\"e-gallery-item elementor-gallery-item elementor-animated-content\" href=\"https:\/\/plexilux.be\/wp-content\/uploads\/sites\/4\/2022\/03\/aluminium-opengaande-opstand-2.jpg\" data-elementor-open-lightbox=\"yes\" data-elementor-lightbox-slideshow=\"9434edb\" data-elementor-lightbox-title=\"aluminium opengaande opstand 2\" data-e-action-hash=\"#elementor-action%3Aaction%3Dlightbox%26settings%3DeyJpZCI6MjIyMywidXJsIjoiaHR0cHM6XC9cL3BsZXhpbHV4LmJlXC93cC1jb250ZW50XC91cGxvYWRzXC9zaXRlc1wvNFwvMjAyMlwvMDNcL2FsdW1pbml1bS1vcGVuZ2FhbmRlLW9wc3RhbmQtMi5qcGciLCJzbGlkZXNob3ciOiI5NDM0ZWRiIn0%3D\">\n\t\t\t\t\t<div class=\"e-gallery-image elementor-gallery-item__image\" data-thumbnail=\"https:\/\/plexilux.be\/wp-content\/uploads\/sites\/4\/2022\/03\/aluminium-opengaande-opstand-2-300x300.jpg\" data-width=\"300\" data-height=\"300\" aria-label=\"\" role=\"img\" ><\/div>\n\t\t\t\t\t\t\t\t\t\t\t<div class=\"elementor-gallery-item__overlay\"><\/div>\n\t\t\t\t\t\t\t\t\t\t\t\t\t\t<\/a>\n\t\t\t\t\t\t\t<a class=\"e-gallery-item elementor-gallery-item elementor-animated-content\" href=\"https:\/\/plexilux.be\/wp-content\/uploads\/sites\/4\/2022\/03\/Opale-lichtkoepel-80x80-aluminium-opengaande-opstand.jpg\" data-elementor-open-lightbox=\"yes\" data-elementor-lightbox-slideshow=\"9434edb\" data-elementor-lightbox-title=\"Opale lichtkoepel 80x80 aluminium opengaande opstand\" data-e-action-hash=\"#elementor-action%3Aaction%3Dlightbox%26settings%3DeyJpZCI6MjIyOCwidXJsIjoiaHR0cHM6XC9cL3BsZXhpbHV4LmJlXC93cC1jb250ZW50XC91cGxvYWRzXC9zaXRlc1wvNFwvMjAyMlwvMDNcL09wYWxlLWxpY2h0a29lcGVsLTgweDgwLWFsdW1pbml1bS1vcGVuZ2FhbmRlLW9wc3RhbmQuanBnIiwic2xpZGVzaG93IjoiOTQzNGVkYiJ9\">\n\t\t\t\t\t<div class=\"e-gallery-image elementor-gallery-item__image\" data-thumbnail=\"https:\/\/plexilux.be\/wp-content\/uploads\/sites\/4\/2022\/03\/Opale-lichtkoepel-80x80-aluminium-opengaande-opstand-300x300.jpg\" data-width=\"300\" data-height=\"300\" aria-label=\"\" role=\"img\" ><\/div>\n\t\t\t\t\t\t\t\t\t\t\t<div class=\"elementor-gallery-item__overlay\"><\/div>\n\t\t\t\t\t\t\t\t\t\t\t\t\t\t<\/a>\n\t\t\t\t\t\t\t<a class=\"e-gallery-item elementor-gallery-item elementor-animated-content\" href=\"https:\/\/plexilux.be\/wp-content\/uploads\/sites\/4\/2022\/03\/Heldere-lichtkoepel-80x80-aluminium-opengaande-opstand-2.jpg\" data-elementor-open-lightbox=\"yes\" data-elementor-lightbox-slideshow=\"9434edb\" data-elementor-lightbox-title=\"Heldere lichtkoepel 80x80 aluminium opengaande opstand 2\" data-e-action-hash=\"#elementor-action%3Aaction%3Dlightbox%26settings%3DeyJpZCI6MjIyNSwidXJsIjoiaHR0cHM6XC9cL3BsZXhpbHV4LmJlXC93cC1jb250ZW50XC91cGxvYWRzXC9zaXRlc1wvNFwvMjAyMlwvMDNcL0hlbGRlcmUtbGljaHRrb2VwZWwtODB4ODAtYWx1bWluaXVtLW9wZW5nYWFuZGUtb3BzdGFuZC0yLmpwZyIsInNsaWRlc2hvdyI6Ijk0MzRlZGIifQ%3D%3D\">\n\t\t\t\t\t<div class=\"e-gallery-image elementor-gallery-item__image\" data-thumbnail=\"https:\/\/plexilux.be\/wp-content\/uploads\/sites\/4\/2022\/03\/Heldere-lichtkoepel-80x80-aluminium-opengaande-opstand-2-300x300.jpg\" data-width=\"300\" data-height=\"300\" aria-label=\"\" role=\"img\" ><\/div>\n\t\t\t\t\t\t\t\t\t\t\t<div class=\"elementor-gallery-item__overlay\"><\/div>\n\t\t\t\t\t\t\t\t\t\t\t\t\t\t<\/a>\n\t\t\t\t\t\t\t<a class=\"e-gallery-item elementor-gallery-item elementor-animated-content\" href=\"https:\/\/plexilux.be\/wp-content\/uploads\/sites\/4\/2022\/03\/automatisch-opengaande-PVC-opstand.jpg\" data-elementor-open-lightbox=\"yes\" data-elementor-lightbox-slideshow=\"9434edb\" data-elementor-lightbox-title=\"automatisch opengaande PVC opstand\" data-e-action-hash=\"#elementor-action%3Aaction%3Dlightbox%26settings%3DeyJpZCI6MjIyMCwidXJsIjoiaHR0cHM6XC9cL3BsZXhpbHV4LmJlXC93cC1jb250ZW50XC91cGxvYWRzXC9zaXRlc1wvNFwvMjAyMlwvMDNcL2F1dG9tYXRpc2NoLW9wZW5nYWFuZGUtUFZDLW9wc3RhbmQuanBnIiwic2xpZGVzaG93IjoiOTQzNGVkYiJ9\">\n\t\t\t\t\t<div class=\"e-gallery-image elementor-gallery-item__image\" data-thumbnail=\"https:\/\/plexilux.be\/wp-content\/uploads\/sites\/4\/2022\/03\/automatisch-opengaande-PVC-opstand-300x300.jpg\" data-width=\"300\" data-height=\"300\" aria-label=\"\" role=\"img\" ><\/div>\n\t\t\t\t\t\t\t\t\t\t\t<div class=\"elementor-gallery-item__overlay\"><\/div>\n\t\t\t\t\t\t\t\t\t\t\t\t\t\t<\/a>\n\t\t\t\t\t<\/div>\n\t\t\t\t\t<\/div>\n\t\t\t\t<\/div>\n\t\t\t\t\t<\/div>\n\t\t<\/div>\n\t\t\t\t\t<\/div>\n\t\t<\/section>\n\t\t\t\t<section class=\"elementor-section elementor-top-section elementor-element elementor-element-5a5488f3 elementor-section-content-middle elementor-section-boxed elementor-section-height-default elementor-section-height-default\" data-id=\"5a5488f3\" data-element_type=\"section\">\n\t\t\t\t\t\t<div class=\"elementor-container elementor-column-gap-no\">\n\t\t\t\t\t<div class=\"elementor-column elementor-col-50 elementor-top-column elementor-element elementor-element-661a1a8a\" data-id=\"661a1a8a\" data-element_type=\"column\">\n\t\t\t<div class=\"elementor-widget-wrap elementor-element-populated\">\n\t\t\t\t\t\t<div class=\"elementor-element elementor-element-275afca elementor-widget elementor-widget-image\" data-id=\"275afca\" data-element_type=\"widget\" data-widget_type=\"image.default\">\n\t\t\t\t<div class=\"elementor-widget-container\">\n\t\t\t\t\t\t\t\t\t\t\t\t\t\t\t<img fetchpriority=\"high\" decoding=\"async\" width=\"800\" height=\"800\" src=\"https:\/\/plexilux.be\/wp-content\/uploads\/sites\/4\/2022\/03\/automatisch-opengaande-PVC-opstand-2-1024x1024.jpg\" class=\"attachment-large size-large wp-image-2219\" alt=\"\" srcset=\"https:\/\/plexilux.be\/wp-content\/uploads\/sites\/4\/2022\/03\/automatisch-opengaande-PVC-opstand-2-1024x1024.jpg 1024w, https:\/\/plexilux.be\/wp-content\/uploads\/sites\/4\/2022\/03\/automatisch-opengaande-PVC-opstand-2-300x300.jpg 300w, https:\/\/plexilux.be\/wp-content\/uploads\/sites\/4\/2022\/03\/automatisch-opengaande-PVC-opstand-2-150x150.jpg 150w, https:\/\/plexilux.be\/wp-content\/uploads\/sites\/4\/2022\/03\/automatisch-opengaande-PVC-opstand-2-768x768.jpg 768w, https:\/\/plexilux.be\/wp-content\/uploads\/sites\/4\/2022\/03\/automatisch-opengaande-PVC-opstand-2-1536x1536.jpg 1536w, https:\/\/plexilux.be\/wp-content\/uploads\/sites\/4\/2022\/03\/automatisch-opengaande-PVC-opstand-2-12x12.jpg 12w, https:\/\/plexilux.be\/wp-content\/uploads\/sites\/4\/2022\/03\/automatisch-opengaande-PVC-opstand-2.jpg 2000w\" sizes=\"(max-width: 800px) 100vw, 800px\" \/>\t\t\t\t\t\t\t\t\t\t\t\t\t\t\t<\/div>\n\t\t\t\t<\/div>\n\t\t\t\t<div class=\"elementor-element elementor-element-75a69d0e elementor-widget-divider--view-line elementor-widget elementor-widget-divider\" data-id=\"75a69d0e\" data-element_type=\"widget\" data-widget_type=\"divider.default\">\n\t\t\t\t<div class=\"elementor-widget-container\">\n\t\t\t\t\t\t\t<div class=\"elementor-divider\">\n\t\t\t<span class=\"elementor-divider-separator\">\n\t\t\t\t\t\t<\/span>\n\t\t<\/div>\n\t\t\t\t\t\t<\/div>\n\t\t\t\t<\/div>\n\t\t\t\t\t<\/div>\n\t\t<\/div>\n\t\t\t\t<div class=\"elementor-column elementor-col-50 elementor-top-column elementor-element elementor-element-75aa7772\" data-id=\"75aa7772\" data-element_type=\"column\">\n\t\t\t<div class=\"elementor-widget-wrap elementor-element-populated\">\n\t\t\t\t\t\t<div class=\"elementor-element elementor-element-4825f83 elementor-widget elementor-widget-heading\" data-id=\"4825f83\" data-element_type=\"widget\" data-widget_type=\"heading.default\">\n\t\t\t\t<div class=\"elementor-widget-container\">\n\t\t\t\t\t<h4 class=\"elementor-heading-title elementor-size-default\">ELEKTRISCH<\/h4>\t\t\t\t<\/div>\n\t\t\t\t<\/div>\n\t\t\t\t<div class=\"elementor-element elementor-element-6688a3c2 elementor-widget elementor-widget-text-editor\" data-id=\"6688a3c2\" data-element_type=\"widget\" data-widget_type=\"text-editor.default\">\n\t\t\t\t<div class=\"elementor-widget-container\">\n\t\t\t\t\t\t\t\t\t<p><strong>Elektrospindel\u00f6ffnung<\/strong> <br \/><br \/><strong>230 Volt Motor:<\/strong> dient nur zur Bel\u00fcftung. Dieses System wird zur Bel\u00fcftung schwer zug\u00e4nglicher Stellen eingesetzt. Die Bedienung erfolgt \u00fcber einen Schalter.<\/p><p><strong>Elektromotor 230 Volt mit Zubeh\u00f6r.<\/strong><br \/>\u00d6ffnen-Schlie\u00dfen-Schalter.<br \/><br \/><strong>230 Volt Motor mit Schmelzleitung 70\u00b0:<\/strong> dient der L\u00fcftung und dem Brandschutz. Dieses System kann einerseits zur Bel\u00fcftung genutzt werden und andererseits \u00f6ffnet sich die Kuppel automatisch um 70\u00b0 (Rauchluke). Der Aluminium-Feuerrahmen ist mit Gasdruckfedern, Anlasserfedern und einem Schmelzkabel von 70\u00b0 ausgestattet.<\/p><p>Aluminium-Feuerrahmen mit Gasdruckfedern, Starterfedern und Schmelzleitung 70\u00b0.<\/p><p>Bei Bedarf k\u00f6nnen Sie auch einen 230 Volt Motor mit Schalter (L\u00fcftung) anschlie\u00dfen.<br \/>Pro Kraftwerk k\u00f6nnen 4 Motoren betrieben werden.<\/p>\t\t\t\t\t\t\t\t<\/div>\n\t\t\t\t<\/div>\n\t\t\t\t\t<\/div>\n\t\t<\/div>\n\t\t\t\t\t<\/div>\n\t\t<\/section>\n\t\t\t\t<section class=\"elementor-section elementor-top-section elementor-element elementor-element-4c3a7516 elementor-section-content-middle elementor-section-height-min-height elementor-section-items-top elementor-section-boxed elementor-section-height-default\" data-id=\"4c3a7516\" data-element_type=\"section\">\n\t\t\t\t\t\t<div class=\"elementor-container elementor-column-gap-default\">\n\t\t\t\t\t<div class=\"elementor-column elementor-col-50 elementor-top-column elementor-element elementor-element-31621cb9\" data-id=\"31621cb9\" data-element_type=\"column\">\n\t\t\t<div class=\"elementor-widget-wrap elementor-element-populated\">\n\t\t\t\t\t\t<div class=\"elementor-element elementor-element-4b30fd4 elementor-widget elementor-widget-image\" data-id=\"4b30fd4\" data-element_type=\"widget\" data-widget_type=\"image.default\">\n\t\t\t\t<div class=\"elementor-widget-container\">\n\t\t\t\t\t\t\t\t\t\t\t\t\t\t\t<img decoding=\"async\" width=\"800\" height=\"800\" src=\"https:\/\/plexilux.be\/wp-content\/uploads\/sites\/4\/2022\/03\/opengaande-PVC-opstand-2-1024x1024.jpg\" class=\"attachment-large size-large wp-image-2201\" alt=\"\" srcset=\"https:\/\/plexilux.be\/wp-content\/uploads\/sites\/4\/2022\/03\/opengaande-PVC-opstand-2-1024x1024.jpg 1024w, https:\/\/plexilux.be\/wp-content\/uploads\/sites\/4\/2022\/03\/opengaande-PVC-opstand-2-300x300.jpg 300w, https:\/\/plexilux.be\/wp-content\/uploads\/sites\/4\/2022\/03\/opengaande-PVC-opstand-2-150x150.jpg 150w, https:\/\/plexilux.be\/wp-content\/uploads\/sites\/4\/2022\/03\/opengaande-PVC-opstand-2-768x768.jpg 768w, https:\/\/plexilux.be\/wp-content\/uploads\/sites\/4\/2022\/03\/opengaande-PVC-opstand-2-1536x1536.jpg 1536w, https:\/\/plexilux.be\/wp-content\/uploads\/sites\/4\/2022\/03\/opengaande-PVC-opstand-2-12x12.jpg 12w, https:\/\/plexilux.be\/wp-content\/uploads\/sites\/4\/2022\/03\/opengaande-PVC-opstand-2.jpg 2000w\" sizes=\"(max-width: 800px) 100vw, 800px\" \/>\t\t\t\t\t\t\t\t\t\t\t\t\t\t\t<\/div>\n\t\t\t\t<\/div>\n\t\t\t\t<div class=\"elementor-element elementor-element-69280eb4 elementor-widget-divider--view-line elementor-widget elementor-widget-divider\" data-id=\"69280eb4\" data-element_type=\"widget\" data-widget_type=\"divider.default\">\n\t\t\t\t<div class=\"elementor-widget-container\">\n\t\t\t\t\t\t\t<div class=\"elementor-divider\">\n\t\t\t<span class=\"elementor-divider-separator\">\n\t\t\t\t\t\t<\/span>\n\t\t<\/div>\n\t\t\t\t\t\t<\/div>\n\t\t\t\t<\/div>\n\t\t\t\t\t<\/div>\n\t\t<\/div>\n\t\t\t\t<div class=\"elementor-column elementor-col-50 elementor-top-column elementor-element elementor-element-1ca820d4\" data-id=\"1ca820d4\" data-element_type=\"column\">\n\t\t\t<div class=\"elementor-widget-wrap elementor-element-populated\">\n\t\t\t\t\t\t<div class=\"elementor-element elementor-element-7813bb45 elementor-widget elementor-widget-heading\" data-id=\"7813bb45\" data-element_type=\"widget\" data-widget_type=\"heading.default\">\n\t\t\t\t<div class=\"elementor-widget-container\">\n\t\t\t\t\t<h4 class=\"elementor-heading-title elementor-size-default\">MANUELL BEDIENBAR<\/h4>\t\t\t\t<\/div>\n\t\t\t\t<\/div>\n\t\t\t\t<div class=\"elementor-element elementor-element-16760d0d elementor-widget elementor-widget-text-editor\" data-id=\"16760d0d\" data-element_type=\"widget\" data-widget_type=\"text-editor.default\">\n\t\t\t\t<div class=\"elementor-widget-container\">\n\t\t\t\t\t\t\t\t\t<p>In diesem Fall kann man das L\u00fcftungsfenster mit einer maximalen \u00d6ffnung von 35 cm mittels eines Drehstabes (1,5 m bis 3 m) \u00f6ffnen.<\/p>\t\t\t\t\t\t\t\t<\/div>\n\t\t\t\t<\/div>\n\t\t\t\t\t<\/div>\n\t\t<\/div>\n\t\t\t\t\t<\/div>\n\t\t<\/section>\n\t\t\t\t<section class=\"elementor-section elementor-top-section elementor-element elementor-element-0ee26cf elementor-section-boxed elementor-section-height-default elementor-section-height-default\" data-id=\"0ee26cf\" data-element_type=\"section\">\n\t\t\t\t\t\t<div class=\"elementor-container elementor-column-gap-default\">\n\t\t\t\t\t<div class=\"elementor-column elementor-col-100 elementor-top-column elementor-element elementor-element-98e039c\" data-id=\"98e039c\" data-element_type=\"column\">\n\t\t\t<div class=\"elementor-widget-wrap elementor-element-populated\">\n\t\t\t\t\t\t<div class=\"elementor-element elementor-element-6fe7832 elementor-widget elementor-widget-text-editor\" data-id=\"6fe7832\" data-element_type=\"widget\" data-widget_type=\"text-editor.default\">\n\t\t\t\t<div class=\"elementor-widget-container\">\n\t\t\t\t\t\t\t\t\t<p>Weitere Informationen? Kontaktieren Sie uns!<\/p>\t\t\t\t\t\t\t\t<\/div>\n\t\t\t\t<\/div>\n\t\t\t\t<div class=\"elementor-element elementor-element-e4d3962 elementor-align-center elementor-widget elementor-widget-button\" data-id=\"e4d3962\" data-element_type=\"widget\" data-widget_type=\"button.default\">\n\t\t\t\t<div class=\"elementor-widget-container\">\n\t\t\t\t\t\t\t\t\t<div class=\"elementor-button-wrapper\">\n\t\t\t\t\t<a class=\"elementor-button elementor-button-link elementor-size-sm\" href=\"https:\/\/plexilux.be\/de\/contact\/\">\n\t\t\t\t\t\t<span class=\"elementor-button-content-wrapper\">\n\t\t\t\t\t\t\t\t\t<span class=\"elementor-button-text\">Stuur ons een berichtje<\/span>\n\t\t\t\t\t<\/span>\n\t\t\t\t\t<\/a>\n\t\t\t\t<\/div>\n\t\t\t\t\t\t\t\t<\/div>\n\t\t\t\t<\/div>\n\t\t\t\t<div class=\"elementor-element elementor-element-1485a39 elementor-widget elementor-widget-spacer\" data-id=\"1485a39\" data-element_type=\"widget\" data-widget_type=\"spacer.default\">\n\t\t\t\t<div class=\"elementor-widget-container\">\n\t\t\t\t\t\t\t<div class=\"elementor-spacer\">\n\t\t\t<div class=\"elementor-spacer-inner\"><\/div>\n\t\t<\/div>\n\t\t\t\t\t\t<\/div>\n\t\t\t\t<\/div>\n\t\t\t\t\t<\/div>\n\t\t<\/div>\n\t\t\t\t\t<\/div>\n\t\t<\/section>\n\t\t\t\t<\/div>","protected":false},"excerpt":{"rendered":"<p>Doel Het verluchtingsraam zorgt ervoor dat er buiten licht ook een toevoer van lucht mogelijk is. Het wordt geplaatst tussen koepel en opstand en kan vervaardigd worden uit PVC of aluminium. Opengaande koepels kunnen ook gebruikt worden als vluchtraam of kunnen een toegang bieden tot een plat dak. ELEKTRISCH Electro spindelopening 230 volt motor: dient [&hellip;]<\/p>","protected":false},"author":4,"featured_media":0,"parent":0,"menu_order":0,"comment_status":"closed","ping_status":"closed","template":"","meta":{"footnotes":""},"class_list":["post-2115","page","type-page","status-publish","hentry"],"acf":[],"_links":{"self":[{"href":"https:\/\/plexilux.be\/de\/wp-json\/wp\/v2\/pages\/2115","targetHints":{"allow":["GET"]}}],"collection":[{"href":"https:\/\/plexilux.be\/de\/wp-json\/wp\/v2\/pages"}],"about":[{"href":"https:\/\/plexilux.be\/de\/wp-json\/wp\/v2\/types\/page"}],"author":[{"embeddable":true,"href":"https:\/\/plexilux.be\/de\/wp-json\/wp\/v2\/users\/4"}],"replies":[{"embeddable":true,"href":"https:\/\/plexilux.be\/de\/wp-json\/wp\/v2\/comments?post=2115"}],"version-history":[{"count":0,"href":"https:\/\/plexilux.be\/de\/wp-json\/wp\/v2\/pages\/2115\/revisions"}],"wp:attachment":[{"href":"https:\/\/plexilux.be\/de\/wp-json\/wp\/v2\/media?parent=2115"}],"curies":[{"name":"wp","href":"https:\/\/api.w.org\/{rel}","templated":true}]}}