{"id":2073,"date":"2021-12-14T11:10:47","date_gmt":"2021-12-14T11:10:47","guid":{"rendered":"http:\/\/plexilux.be\/?page_id=2073"},"modified":"2023-01-09T21:18:31","modified_gmt":"2023-01-09T21:18:31","slug":"opstanden-1","status":"publish","type":"page","link":"https:\/\/plexilux.be\/de\/opstanden-1\/","title":{"rendered":"Kuppelst\u00e4nder"},"content":{"rendered":"<div data-elementor-type=\"wp-page\" data-elementor-id=\"2073\" class=\"elementor elementor-2073\" data-elementor-post-type=\"page\">\n\t\t\t\t\t\t<section class=\"elementor-section elementor-top-section elementor-element elementor-element-e39d938 elementor-section-content-middle elementor-reverse-mobile elementor-section-boxed elementor-section-height-default elementor-section-height-default\" data-id=\"e39d938\" data-element_type=\"section\">\n\t\t\t\t\t\t<div class=\"elementor-container elementor-column-gap-no\">\n\t\t\t\t\t<div class=\"elementor-column elementor-col-50 elementor-top-column elementor-element elementor-element-58253ade\" data-id=\"58253ade\" data-element_type=\"column\">\n\t\t\t<div class=\"elementor-widget-wrap elementor-element-populated\">\n\t\t\t\t\t\t<div class=\"elementor-element elementor-element-24e10934 elementor-widget-divider--view-line elementor-widget elementor-widget-divider\" data-id=\"24e10934\" data-element_type=\"widget\" data-widget_type=\"divider.default\">\n\t\t\t\t<div class=\"elementor-widget-container\">\n\t\t\t\t\t\t\t<div class=\"elementor-divider\">\n\t\t\t<span class=\"elementor-divider-separator\">\n\t\t\t\t\t\t<\/span>\n\t\t<\/div>\n\t\t\t\t\t\t<\/div>\n\t\t\t\t<\/div>\n\t\t\t\t<div class=\"elementor-element elementor-element-6462fd45 elementor-widget elementor-widget-heading\" data-id=\"6462fd45\" data-element_type=\"widget\" data-widget_type=\"heading.default\">\n\t\t\t\t<div class=\"elementor-widget-container\">\n\t\t\t\t\t<h3 class=\"elementor-heading-title elementor-size-default\"><b>Was sind Aufst\u00e4nde?<\/b><\/h3>\t\t\t\t<\/div>\n\t\t\t\t<\/div>\n\t\t\t\t<div class=\"elementor-element elementor-element-538b4b75 elementor-widget elementor-widget-text-editor\" data-id=\"538b4b75\" data-element_type=\"widget\" data-widget_type=\"text-editor.default\">\n\t\t\t\t<div class=\"elementor-widget-container\">\n\t\t\t\t\t\t\t\t\t<p><span style=\"font-size: 15px;text-align: justify\">Der Aufstand bildet eine <b>Perfekt wasserdichter \u00dcbergang<\/b> zwischen Dachkonstruktion und Kuppel.\u00a0<\/span><\/p><p><span style=\"color: #333333;font-size: 15px;text-align: justify\">Das <b>Plexilux<\/b><\/span><b>\u00ae<\/b><span style=\"font-size: 15px;text-align: justify\"><b>\u00a0St\u00e4nder<\/b> kann \u2013 je nach Funktion \u2013 ausschalten <b>PVC<\/b>, <b>Polyester <\/b>oder <b>Metall <\/b>hergestellt werden.<\/span><\/p><div><\/div>\t\t\t\t\t\t\t\t<\/div>\n\t\t\t\t<\/div>\n\t\t\t\t\t<\/div>\n\t\t<\/div>\n\t\t\t\t<div class=\"elementor-column elementor-col-50 elementor-top-column elementor-element elementor-element-7c6741e5\" data-id=\"7c6741e5\" data-element_type=\"column\">\n\t\t\t<div class=\"elementor-widget-wrap elementor-element-populated\">\n\t\t\t\t\t\t<div class=\"elementor-element elementor-element-f0084d2 elementor-widget elementor-widget-gallery\" data-id=\"f0084d2\" data-element_type=\"widget\" data-settings=\"{&quot;gallery_layout&quot;:&quot;justified&quot;,&quot;ideal_row_height&quot;:{&quot;unit&quot;:&quot;px&quot;,&quot;size&quot;:&quot;235&quot;,&quot;sizes&quot;:[]},&quot;gap&quot;:{&quot;unit&quot;:&quot;px&quot;,&quot;size&quot;:&quot;1&quot;,&quot;sizes&quot;:[]},&quot;lazyload&quot;:&quot;yes&quot;,&quot;ideal_row_height_tablet&quot;:{&quot;unit&quot;:&quot;px&quot;,&quot;size&quot;:150,&quot;sizes&quot;:[]},&quot;ideal_row_height_mobile&quot;:{&quot;unit&quot;:&quot;px&quot;,&quot;size&quot;:150,&quot;sizes&quot;:[]},&quot;gap_tablet&quot;:{&quot;unit&quot;:&quot;px&quot;,&quot;size&quot;:10,&quot;sizes&quot;:[]},&quot;gap_mobile&quot;:{&quot;unit&quot;:&quot;px&quot;,&quot;size&quot;:10,&quot;sizes&quot;:[]},&quot;link_to&quot;:&quot;file&quot;,&quot;overlay_background&quot;:&quot;yes&quot;,&quot;content_hover_animation&quot;:&quot;fade-in&quot;}\" data-widget_type=\"gallery.default\">\n\t\t\t\t<div class=\"elementor-widget-container\">\n\t\t\t\t\t\t\t<div class=\"elementor-gallery__container\">\n\t\t\t\t\t\t\t<a class=\"e-gallery-item elementor-gallery-item elementor-animated-content\" href=\"https:\/\/plexilux.be\/wp-content\/uploads\/sites\/4\/2022\/03\/automatisch-opengaande-PVC-opstand.jpg\" data-elementor-open-lightbox=\"yes\" data-elementor-lightbox-slideshow=\"f0084d2\" data-elementor-lightbox-title=\"automatisch opengaande PVC opstand\" data-e-action-hash=\"#elementor-action%3Aaction%3Dlightbox%26settings%3DeyJpZCI6MjIyMCwidXJsIjoiaHR0cHM6XC9cL3BsZXhpbHV4LmJlXC93cC1jb250ZW50XC91cGxvYWRzXC9zaXRlc1wvNFwvMjAyMlwvMDNcL2F1dG9tYXRpc2NoLW9wZW5nYWFuZGUtUFZDLW9wc3RhbmQuanBnIiwic2xpZGVzaG93IjoiZjAwODRkMiJ9\">\n\t\t\t\t\t<div class=\"e-gallery-image elementor-gallery-item__image\" data-thumbnail=\"https:\/\/plexilux.be\/wp-content\/uploads\/sites\/4\/2022\/03\/automatisch-opengaande-PVC-opstand-300x300.jpg\" data-width=\"300\" data-height=\"300\" aria-label=\"\" role=\"img\" ><\/div>\n\t\t\t\t\t\t\t\t\t\t\t<div class=\"elementor-gallery-item__overlay\"><\/div>\n\t\t\t\t\t\t\t\t\t\t\t\t\t\t<\/a>\n\t\t\t\t\t\t\t<a class=\"e-gallery-item elementor-gallery-item elementor-animated-content\" href=\"https:\/\/plexilux.be\/wp-content\/uploads\/sites\/4\/2022\/03\/aluminium-opengaande-opstand-2.jpg\" data-elementor-open-lightbox=\"yes\" data-elementor-lightbox-slideshow=\"f0084d2\" data-elementor-lightbox-title=\"aluminium opengaande opstand 2\" data-e-action-hash=\"#elementor-action%3Aaction%3Dlightbox%26settings%3DeyJpZCI6MjIyMywidXJsIjoiaHR0cHM6XC9cL3BsZXhpbHV4LmJlXC93cC1jb250ZW50XC91cGxvYWRzXC9zaXRlc1wvNFwvMjAyMlwvMDNcL2FsdW1pbml1bS1vcGVuZ2FhbmRlLW9wc3RhbmQtMi5qcGciLCJzbGlkZXNob3ciOiJmMDA4NGQyIn0%3D\">\n\t\t\t\t\t<div class=\"e-gallery-image elementor-gallery-item__image\" data-thumbnail=\"https:\/\/plexilux.be\/wp-content\/uploads\/sites\/4\/2022\/03\/aluminium-opengaande-opstand-2-300x300.jpg\" data-width=\"300\" data-height=\"300\" aria-label=\"\" role=\"img\" ><\/div>\n\t\t\t\t\t\t\t\t\t\t\t<div class=\"elementor-gallery-item__overlay\"><\/div>\n\t\t\t\t\t\t\t\t\t\t\t\t\t\t<\/a>\n\t\t\t\t\t\t\t<a class=\"e-gallery-item elementor-gallery-item elementor-animated-content\" href=\"https:\/\/plexilux.be\/wp-content\/uploads\/sites\/4\/2022\/03\/opengaande-PVC-opstand-2.jpg\" data-elementor-open-lightbox=\"yes\" data-elementor-lightbox-slideshow=\"f0084d2\" data-elementor-lightbox-title=\"opengaande PVC opstand 2\" data-e-action-hash=\"#elementor-action%3Aaction%3Dlightbox%26settings%3DeyJpZCI6MjIwMSwidXJsIjoiaHR0cHM6XC9cL3BsZXhpbHV4LmJlXC93cC1jb250ZW50XC91cGxvYWRzXC9zaXRlc1wvNFwvMjAyMlwvMDNcL29wZW5nYWFuZGUtUFZDLW9wc3RhbmQtMi5qcGciLCJzbGlkZXNob3ciOiJmMDA4NGQyIn0%3D\">\n\t\t\t\t\t<div class=\"e-gallery-image elementor-gallery-item__image\" data-thumbnail=\"https:\/\/plexilux.be\/wp-content\/uploads\/sites\/4\/2022\/03\/opengaande-PVC-opstand-2-300x300.jpg\" data-width=\"300\" data-height=\"300\" aria-label=\"\" role=\"img\" ><\/div>\n\t\t\t\t\t\t\t\t\t\t\t<div class=\"elementor-gallery-item__overlay\"><\/div>\n\t\t\t\t\t\t\t\t\t\t\t\t\t\t<\/a>\n\t\t\t\t\t\t\t<a class=\"e-gallery-item elementor-gallery-item elementor-animated-content\" href=\"https:\/\/plexilux.be\/wp-content\/uploads\/sites\/4\/2022\/03\/PVC-opstand-bovenaanzicht.jpg\" data-elementor-open-lightbox=\"yes\" data-elementor-lightbox-slideshow=\"f0084d2\" data-elementor-lightbox-title=\"PVC opstand bovenaanzicht\" data-e-action-hash=\"#elementor-action%3Aaction%3Dlightbox%26settings%3DeyJpZCI6MjE5NywidXJsIjoiaHR0cHM6XC9cL3BsZXhpbHV4LmJlXC93cC1jb250ZW50XC91cGxvYWRzXC9zaXRlc1wvNFwvMjAyMlwvMDNcL1BWQy1vcHN0YW5kLWJvdmVuYWFuemljaHQuanBnIiwic2xpZGVzaG93IjoiZjAwODRkMiJ9\">\n\t\t\t\t\t<div class=\"e-gallery-image elementor-gallery-item__image\" data-thumbnail=\"https:\/\/plexilux.be\/wp-content\/uploads\/sites\/4\/2022\/03\/PVC-opstand-bovenaanzicht-300x300.jpg\" data-width=\"300\" data-height=\"300\" aria-label=\"\" role=\"img\" ><\/div>\n\t\t\t\t\t\t\t\t\t\t\t<div class=\"elementor-gallery-item__overlay\"><\/div>\n\t\t\t\t\t\t\t\t\t\t\t\t\t\t<\/a>\n\t\t\t\t\t<\/div>\n\t\t\t\t\t<\/div>\n\t\t\t\t<\/div>\n\t\t\t\t\t<\/div>\n\t\t<\/div>\n\t\t\t\t\t<\/div>\n\t\t<\/section>\n\t\t\t\t<section class=\"elementor-section elementor-top-section elementor-element elementor-element-4b170232 elementor-section-content-middle elementor-section-boxed elementor-section-height-default elementor-section-height-default\" data-id=\"4b170232\" data-element_type=\"section\">\n\t\t\t\t\t\t<div class=\"elementor-container elementor-column-gap-no\">\n\t\t\t\t\t<div class=\"elementor-column elementor-col-50 elementor-top-column elementor-element elementor-element-53f48d4c\" data-id=\"53f48d4c\" data-element_type=\"column\">\n\t\t\t<div class=\"elementor-widget-wrap elementor-element-populated\">\n\t\t\t\t\t\t<div class=\"elementor-element elementor-element-1ab1893 elementor-widget elementor-widget-image\" data-id=\"1ab1893\" data-element_type=\"widget\" data-widget_type=\"image.default\">\n\t\t\t\t<div class=\"elementor-widget-container\">\n\t\t\t\t\t\t\t\t\t\t\t\t\t\t\t<img fetchpriority=\"high\" decoding=\"async\" width=\"2000\" height=\"2000\" src=\"https:\/\/plexilux.be\/wp-content\/uploads\/sites\/4\/2022\/03\/Halve-PVC-opstand-2.jpg\" class=\"attachment-2048x2048 size-2048x2048 wp-image-2212\" alt=\"\" srcset=\"https:\/\/plexilux.be\/wp-content\/uploads\/sites\/4\/2022\/03\/Halve-PVC-opstand-2.jpg 2000w, https:\/\/plexilux.be\/wp-content\/uploads\/sites\/4\/2022\/03\/Halve-PVC-opstand-2-300x300.jpg 300w, https:\/\/plexilux.be\/wp-content\/uploads\/sites\/4\/2022\/03\/Halve-PVC-opstand-2-1024x1024.jpg 1024w, https:\/\/plexilux.be\/wp-content\/uploads\/sites\/4\/2022\/03\/Halve-PVC-opstand-2-150x150.jpg 150w, https:\/\/plexilux.be\/wp-content\/uploads\/sites\/4\/2022\/03\/Halve-PVC-opstand-2-768x768.jpg 768w, https:\/\/plexilux.be\/wp-content\/uploads\/sites\/4\/2022\/03\/Halve-PVC-opstand-2-1536x1536.jpg 1536w, https:\/\/plexilux.be\/wp-content\/uploads\/sites\/4\/2022\/03\/Halve-PVC-opstand-2-12x12.jpg 12w\" sizes=\"(max-width: 2000px) 100vw, 2000px\" \/>\t\t\t\t\t\t\t\t\t\t\t\t\t\t\t<\/div>\n\t\t\t\t<\/div>\n\t\t\t\t<div class=\"elementor-element elementor-element-68fbe5c7 elementor-widget-divider--view-line elementor-widget elementor-widget-divider\" data-id=\"68fbe5c7\" data-element_type=\"widget\" data-widget_type=\"divider.default\">\n\t\t\t\t<div class=\"elementor-widget-container\">\n\t\t\t\t\t\t\t<div class=\"elementor-divider\">\n\t\t\t<span class=\"elementor-divider-separator\">\n\t\t\t\t\t\t<\/span>\n\t\t<\/div>\n\t\t\t\t\t\t<\/div>\n\t\t\t\t<\/div>\n\t\t\t\t\t<\/div>\n\t\t<\/div>\n\t\t\t\t<div class=\"elementor-column elementor-col-50 elementor-top-column elementor-element elementor-element-57a13716\" data-id=\"57a13716\" data-element_type=\"column\">\n\t\t\t<div class=\"elementor-widget-wrap elementor-element-populated\">\n\t\t\t\t\t\t<div class=\"elementor-element elementor-element-3f0e7495 elementor-widget elementor-widget-heading\" data-id=\"3f0e7495\" data-element_type=\"widget\" data-widget_type=\"heading.default\">\n\t\t\t\t<div class=\"elementor-widget-container\">\n\t\t\t\t\t<h4 class=\"elementor-heading-title elementor-size-default\">PVC-ST\u00c4NDER<\/h4>\t\t\t\t<\/div>\n\t\t\t\t<\/div>\n\t\t\t\t<div class=\"elementor-element elementor-element-14ee3923 elementor-widget elementor-widget-text-editor\" data-id=\"14ee3923\" data-element_type=\"widget\" data-widget_type=\"text-editor.default\">\n\t\t\t\t<div class=\"elementor-widget-container\">\n\t\t\t\t\t\t\t\t\t<p><b>Plexilux\u00ae-opstanden<\/b> hergestellt werden. <b>hochschlagfestes wei\u00dfes PVC <\/b>nach einem<b> hochmechanisierte Produktionsmethode<\/b>, wobei ein <b>sch\u00f6nes und schlankes Design<\/b> realisiert wird.<\/p><p>Die abgeschr\u00e4gten Seiten sorgen f\u00fcr eine <b>optimale Lichtleistung <\/b>und geben Sie eine <b>bessere Verbindung mit dem Dachmaterial<\/b>.<\/p><p>Das \u00c4u\u00dfere des Aufstandes ist <b>gerippt <\/b>Gehen Sie folgenderma\u00dfen vor, um eine <b>gute Haftbest\u00e4ndigkeit<\/b> zu versichern.<\/p><p>Das <b>3-wandig ge\u00efsoleerde Plexilux\u00ae PVC-opstand<\/b> (K-waarde van 2.4 Kcal\/m\u00b2h\u00b0c) wordt, zoals de Plexilux\u00ae lichtkoepels, aangeboden in <b>95 verschiedene Gr\u00f6\u00dfen<\/b>.<\/p><p>De Plexilux\u00ae PVC-opstand is verkrijgbaar in een <b>H\u00f6he von 15 cm<\/b>, die mehr als ausreichend ist, um eine <b>wasserdichte Montage <\/b>des Oberlichts auf dem Stand.<\/p><p>De Plexilux\u00ae PVC-opstanden zijn <b>\u00c4sthetisch <\/b>im Blick und seine <b>wartungsfrei<\/b>.<\/p>\t\t\t\t\t\t\t\t<\/div>\n\t\t\t\t<\/div>\n\t\t\t\t\t<\/div>\n\t\t<\/div>\n\t\t\t\t\t<\/div>\n\t\t<\/section>\n\t\t\t\t<section class=\"elementor-section elementor-top-section elementor-element elementor-element-609d672f elementor-section-content-middle elementor-section-height-min-height elementor-section-items-top elementor-section-boxed elementor-section-height-default\" data-id=\"609d672f\" data-element_type=\"section\">\n\t\t\t\t\t\t<div class=\"elementor-container elementor-column-gap-default\">\n\t\t\t\t\t<div class=\"elementor-column elementor-col-50 elementor-top-column elementor-element elementor-element-7fadd7bc\" data-id=\"7fadd7bc\" data-element_type=\"column\">\n\t\t\t<div class=\"elementor-widget-wrap elementor-element-populated\">\n\t\t\t\t\t\t<div class=\"elementor-element elementor-element-2b41c76 elementor-widget elementor-widget-image\" data-id=\"2b41c76\" data-element_type=\"widget\" data-widget_type=\"image.default\">\n\t\t\t\t<div class=\"elementor-widget-container\">\n\t\t\t\t\t\t\t\t\t\t\t\t\t\t\t<img decoding=\"async\" width=\"800\" height=\"800\" src=\"https:\/\/plexilux.be\/wp-content\/uploads\/sites\/4\/2022\/03\/aluminium-opengaande-opstand-2-1024x1024.jpg\" class=\"attachment-large size-large wp-image-2223\" alt=\"\" srcset=\"https:\/\/plexilux.be\/wp-content\/uploads\/sites\/4\/2022\/03\/aluminium-opengaande-opstand-2-1024x1024.jpg 1024w, https:\/\/plexilux.be\/wp-content\/uploads\/sites\/4\/2022\/03\/aluminium-opengaande-opstand-2-300x300.jpg 300w, https:\/\/plexilux.be\/wp-content\/uploads\/sites\/4\/2022\/03\/aluminium-opengaande-opstand-2-150x150.jpg 150w, https:\/\/plexilux.be\/wp-content\/uploads\/sites\/4\/2022\/03\/aluminium-opengaande-opstand-2-768x768.jpg 768w, https:\/\/plexilux.be\/wp-content\/uploads\/sites\/4\/2022\/03\/aluminium-opengaande-opstand-2-1536x1536.jpg 1536w, https:\/\/plexilux.be\/wp-content\/uploads\/sites\/4\/2022\/03\/aluminium-opengaande-opstand-2-12x12.jpg 12w, https:\/\/plexilux.be\/wp-content\/uploads\/sites\/4\/2022\/03\/aluminium-opengaande-opstand-2.jpg 2000w\" sizes=\"(max-width: 800px) 100vw, 800px\" \/>\t\t\t\t\t\t\t\t\t\t\t\t\t\t\t<\/div>\n\t\t\t\t<\/div>\n\t\t\t\t<div class=\"elementor-element elementor-element-3fbe659d elementor-widget-divider--view-line elementor-widget elementor-widget-divider\" data-id=\"3fbe659d\" data-element_type=\"widget\" data-widget_type=\"divider.default\">\n\t\t\t\t<div class=\"elementor-widget-container\">\n\t\t\t\t\t\t\t<div class=\"elementor-divider\">\n\t\t\t<span class=\"elementor-divider-separator\">\n\t\t\t\t\t\t<\/span>\n\t\t<\/div>\n\t\t\t\t\t\t<\/div>\n\t\t\t\t<\/div>\n\t\t\t\t\t<\/div>\n\t\t<\/div>\n\t\t\t\t<div class=\"elementor-column elementor-col-50 elementor-top-column elementor-element elementor-element-1aca29fc\" data-id=\"1aca29fc\" data-element_type=\"column\">\n\t\t\t<div class=\"elementor-widget-wrap elementor-element-populated\">\n\t\t\t\t\t\t<div class=\"elementor-element elementor-element-7a5e972 elementor-widget elementor-widget-heading\" data-id=\"7a5e972\" data-element_type=\"widget\" data-widget_type=\"heading.default\">\n\t\t\t\t<div class=\"elementor-widget-container\">\n\t\t\t\t\t<h4 class=\"elementor-heading-title elementor-size-default\">METALLST\u00c4NDER<\/h4>\t\t\t\t<\/div>\n\t\t\t\t<\/div>\n\t\t\t\t<div class=\"elementor-element elementor-element-5efae2a elementor-widget elementor-widget-text-editor\" data-id=\"5efae2a\" data-element_type=\"widget\" data-widget_type=\"text-editor.default\">\n\t\t\t\t<div class=\"elementor-widget-container\">\n\t\t\t\t\t\t\t\t\t<p><b>Plexilux\u00ae metalen<\/b> hergestellt werden. <b>Stahlplatte <\/b>mit auf der Au\u00dfenseite ein <b>D\u00e4mmschicht<\/b>.<\/p><p>In tegenstelling tot Plexilux\u00ae PVC opstanden en Plexilux\u00ae polyester opstanden zijn de Plexilux\u00ae metalen opstanden <b>recht<\/b>. Das bedeutet, dass <b>die Tagesabmessungen entsprechen der Dach\u00f6ffnung<\/b>.<\/p><p>Genau wie die PVC- und Polyesterst\u00e4nder sind auch die Metallst\u00e4nder in <b>90 verschiedene Gr\u00f6\u00dfen<\/b>. Jede H\u00f6he ist auf <b>Anfrage verf\u00fcgbar <\/b>(15 cm, 20 cm, 25 cm, 30 cm, 40 cm und 50 cm).<\/p>\t\t\t\t\t\t\t\t<\/div>\n\t\t\t\t<\/div>\n\t\t\t\t\t<\/div>\n\t\t<\/div>\n\t\t\t\t\t<\/div>\n\t\t<\/section>\n\t\t\t\t<section class=\"elementor-section elementor-top-section elementor-element elementor-element-4d0d9fb8 elementor-section-content-middle elementor-section-height-min-height elementor-section-items-top elementor-section-boxed elementor-section-height-default\" data-id=\"4d0d9fb8\" data-element_type=\"section\">\n\t\t\t\t\t\t<div class=\"elementor-container elementor-column-gap-default\">\n\t\t\t\t\t<div class=\"elementor-column elementor-col-50 elementor-top-column elementor-element elementor-element-25de37e3\" data-id=\"25de37e3\" data-element_type=\"column\">\n\t\t\t<div class=\"elementor-widget-wrap elementor-element-populated\">\n\t\t\t\t\t\t<div class=\"elementor-element elementor-element-6cc2a240 elementor-widget-divider--view-line elementor-widget elementor-widget-divider\" data-id=\"6cc2a240\" data-element_type=\"widget\" data-widget_type=\"divider.default\">\n\t\t\t\t<div class=\"elementor-widget-container\">\n\t\t\t\t\t\t\t<div class=\"elementor-divider\">\n\t\t\t<span class=\"elementor-divider-separator\">\n\t\t\t\t\t\t<\/span>\n\t\t<\/div>\n\t\t\t\t\t\t<\/div>\n\t\t\t\t<\/div>\n\t\t\t\t\t<\/div>\n\t\t<\/div>\n\t\t\t\t<div class=\"elementor-column elementor-col-50 elementor-top-column elementor-element elementor-element-49ef0538\" data-id=\"49ef0538\" data-element_type=\"column\">\n\t\t\t<div class=\"elementor-widget-wrap elementor-element-populated\">\n\t\t\t\t\t\t<div class=\"elementor-element elementor-element-1503f5 elementor-widget elementor-widget-heading\" data-id=\"1503f5\" data-element_type=\"widget\" data-widget_type=\"heading.default\">\n\t\t\t\t<div class=\"elementor-widget-container\">\n\t\t\t\t\t<h4 class=\"elementor-heading-title elementor-size-default\">POLYESTERST\u00c4NDER<\/h4>\t\t\t\t<\/div>\n\t\t\t\t<\/div>\n\t\t\t\t<div class=\"elementor-element elementor-element-7d54047d elementor-widget elementor-widget-text-editor\" data-id=\"7d54047d\" data-element_type=\"widget\" data-widget_type=\"text-editor.default\">\n\t\t\t\t<div class=\"elementor-widget-container\">\n\t\t\t\t\t\t\t\t\t<p>Das <b>glasvezelversterkte Plexilux\u00ae polyesteropstanden <\/b>glasfaserverst\u00e4rkte PLEXILUX\u00ae St\u00e4nder <b>runde Kuppeln<\/b> (Polyester ist perfekt, um in jede Form zu gie\u00dfen), aber es ist <b>auch quadratisch und rechteckig erh\u00e4ltlich<\/b> in <b>90 verschiedene Gr\u00f6\u00dfen<\/b>.<\/p><p>Das <b>H\u00f6he<\/b> van een Plexilux\u00ae polyester opstand kan vari\u00ebren van <b>15 cm, 30 cm bis 50 cm<\/b>.<\/p><p><b>Oben und unten<\/b> de Plexilux\u00ae polyester opstand is er <b>ein Flansch<\/b> voraussehen <b>zur Best\u00e4tigung<\/b> zum einen an der Dachkonstruktion und zum anderen an der Kuppel.<\/p>\t\t\t\t\t\t\t\t<\/div>\n\t\t\t\t<\/div>\n\t\t\t\t\t<\/div>\n\t\t<\/div>\n\t\t\t\t\t<\/div>\n\t\t<\/section>\n\t\t\t\t<\/div>","protected":false},"excerpt":{"rendered":"<p>Wat zijn opstanden? De opstand vormt een perfect waterdichte overgang tussen dakconstructie en koepel.\u00a0 De Plexilux\u00ae\u00a0opstand kan &#8211; naargelang zijn functie &#8211; uit PVC, polyester of metaal worden vervaardigd. PVC OPSTANDEN Plexilux\u00ae-opstanden worden vervaardigd van hoogslagvast wit PVC volgens een sterk gemechaniseerde productiemethode, waarbij een mooie en strakke vormgeving wordt verwezenlijkt. De schuine zijden waarborgen [&hellip;]<\/p>","protected":false},"author":4,"featured_media":0,"parent":0,"menu_order":0,"comment_status":"closed","ping_status":"closed","template":"","meta":{"footnotes":""},"class_list":["post-2073","page","type-page","status-publish","hentry"],"acf":[],"_links":{"self":[{"href":"https:\/\/plexilux.be\/de\/wp-json\/wp\/v2\/pages\/2073","targetHints":{"allow":["GET"]}}],"collection":[{"href":"https:\/\/plexilux.be\/de\/wp-json\/wp\/v2\/pages"}],"about":[{"href":"https:\/\/plexilux.be\/de\/wp-json\/wp\/v2\/types\/page"}],"author":[{"embeddable":true,"href":"https:\/\/plexilux.be\/de\/wp-json\/wp\/v2\/users\/4"}],"replies":[{"embeddable":true,"href":"https:\/\/plexilux.be\/de\/wp-json\/wp\/v2\/comments?post=2073"}],"version-history":[{"count":0,"href":"https:\/\/plexilux.be\/de\/wp-json\/wp\/v2\/pages\/2073\/revisions"}],"wp:attachment":[{"href":"https:\/\/plexilux.be\/de\/wp-json\/wp\/v2\/media?parent=2073"}],"curies":[{"name":"wp","href":"https:\/\/api.w.org\/{rel}","templated":true}]}}